{"id":1098,"date":"2024-12-20T15:49:24","date_gmt":"2024-12-20T14:49:24","guid":{"rendered":"https:\/\/www.editdigitalpassport.com\/el-pnp\/"},"modified":"2025-12-12T18:02:18","modified_gmt":"2025-12-12T17:02:18","slug":"le-pnp","status":"publish","type":"page","link":"https:\/\/www.editdigitalpassport.com\/es\/le-pnp\/","title":{"rendered":"El PDP"},"content":{"rendered":"\r\n<section id=\"banner-block_d812c5f4d19613ae7dad1de613f4e92b\" class=\"banner  py-3\">\r\n\r\n    \r\n    <div class=\"banner-wrap d-flex align-items-center\">\r\n        <div class=\"container\">\r\n            <div class=\"row\">\r\n                <div class=\"col-md-9 col-lg-6\">\r\n                    \n\n<p class=\"wp-block-editdigitalpassport-texte-libre text-auto style-style5  visible\">[EL PDP]<\/p>\n\n\n\n<h1 class=\"wp-block-editdigitalpassport-texte-libre text-auto style-style1  visible\">\u00bfQu\u00e9 es el Pasaporte Digital de Producto?<\/h1>\n\n                <\/div>\r\n            <\/div>\r\n        <\/div>\r\n    <\/div>\r\n\r\n            <div class=\"d-block d-md-none container-fluid\">\r\n            <div class=\"row\">\r\n                <div class=\"col-12 g-0\">\r\n                    <img decoding=\"async\" src=\"https:\/\/www.editdigitalpassport.com\/wp-content\/uploads\/2024\/12\/banner-page-m.svg\" class=\"img-fluid imgsize-img-full\" alt=\"Le Passeport Num\u00e9rique de Produit\" \/>                <\/div>\r\n            <\/div>\r\n        <\/div>\r\n    <\/section>\r\n\r\n<style>\r\n    .banner-wrap {\r\n        background: none;\r\n    }\r\n    @media (min-width: 768px) {\r\n        .banner-wrap {\r\n            background: url('https:\/\/www.editdigitalpassport.com\/wp-content\/uploads\/2024\/12\/banner-page-m.svg ');\r\n            background-size: contain;\r\n            background-position: 50% 50%;\r\n            background-repeat: no-repeat;\r\n            min-height: 484px;\r\n        }\r\n    }\r\n    @media (min-width: 992px) {\r\n        .banner-wrap {\r\n            background: url('https:\/\/www.editdigitalpassport.com\/wp-content\/uploads\/2024\/12\/banner-page.png ');\r\n            background-size: contain;\r\n            background-position: 50% 50%;\r\n            background-repeat: no-repeat;\r\n            min-height: 484px;\r\n        }\r\n    }\r\n<\/style>\n\n\n<section id=\"section-block_5c5f27c78e33d27087deca0ae7813105\" class=\"section d-block bg--color-transparent\"\n         style='  background-repeat: no-repeat; background-position: 50% 50%;'>\n    <div class=\"container-md \">\n        \n\n<p class=\"wp-block-editdigitalpassport-texte-libre text-auto style-body  visible\">El Pasaporte Digital del Producto es un conjunto de datos espec\u00edficos de un producto que contiene cierta informaci\u00f3n y que es accesible electr\u00f3nicamente a trav\u00e9s de un soporte de datos. (Fuente: Comisi\u00f3n Europea, 2022a, art\u00edculo 2 (29), p. 53)<\/p>\n\n\n\n<p class=\"wp-block-editdigitalpassport-texte-libre text-auto style-body  visible\">El objetivo principal de este PDP es mejorar la sostenibilidad, la trazabilidad y la transparencia de los productos comercializados.<\/p>\n\n\n\n<p>Actualmente, la Uni\u00f3n Europea est\u00e1 trabajando en el marco de una regulaci\u00f3n sobre el PDP (Cap\u00edtulo 3 y Anexo 3 del ESPR), con una aplicaci\u00f3n prevista a partir de 2027 en una primera versi\u00f3n simplificada, en sectores prioritarios.<\/p>\n\n\n\n<p><\/p>\n\n\n\n\n<div id=\"espacement-block_abba95ea2dbd608a6cfcc74019fe96b5\" class=\"espacement-2 espacement-auto espacement  \"><\/div>\n    <\/div>\n<\/section>\n\n\n<section id=\"section-block_8a0d3ad440fd59c22297b2cf8bddb05c\" class=\"section d-block fond-color-full  bg--color-2\"\n         style='  background-repeat: no-repeat; background-position: 50% 50%;'>\n    <div class=\"container-md \">\n        \n\n\n<div id=\"espacement-block_15bd427e3d5544f3c6351c2d2f8e6994\" class=\"espacement-3 espacement-auto espacement  \"><\/div>\n\n\n<p class=\"wp-block-editdigitalpassport-texte-libre text-auto style-style5  visible\">MANUAL 2025 &#8211; PDP<\/p>\n\n\n\n<p>Documento PDF &#8211; 900 Ko<\/p>\n\n\n\n\n<div id=\"espacement-block_0b2e0022a0cdfccfb8220786c7160bb0\" class=\"espacement-1 espacement-auto espacement  \"><\/div>\n\n\n<div class=\"wp-block-editdigitalpassport-bouton text-auto visible\"><a href=\"https:\/\/www.editdigitalpassport.com\/wp-content\/uploads\/2025\/12\/ES_Manual-de-Usuario_EDIT_2025.pdf\" class=\"btn-cta-normal-outline \" target=\"_blank\" rel=\"noopener\" aria-label=\"T\u00e9l\u00e9charger le manuel utilisateur\">Descargar<\/a><\/div>\n\n\n\n\n<div id=\"espacement-block_15bd427e3d5544f3c6351c2d2f8e6994\" class=\"espacement-3 espacement-auto espacement  \"><\/div>\n    <\/div>\n<\/section>\n\n\n<section id=\"section-block_5c5f27c78e33d27087deca0ae7813105\" class=\"section d-block bg--color-transparent\"\n         style='  background-repeat: no-repeat; background-position: 50% 50%;'>\n    <div class=\"container-md \">\n        \n\n<p class=\"wp-block-editdigitalpassport-texte-libre text-auto style-body  visible\"><\/p>\n\n\n\n\n<div id=\"espacement-block_abba95ea2dbd608a6cfcc74019fe96b5\" class=\"espacement-2 espacement-auto espacement  \"><\/div>\n    <\/div>\n<\/section>\n\n\n<p><\/p>\n","protected":false},"excerpt":{"rendered":"","protected":false},"author":1,"featured_media":0,"parent":0,"menu_order":2,"comment_status":"closed","ping_status":"open","template":"pages\/page-fullwidth.php","meta":{"_acf_changed":false,"_seopress_robots_primary_cat":"","_seopress_titles_title":"","_seopress_titles_desc":"","_seopress_robots_index":"","footnotes":""},"class_list":["post-1098","page","type-page","status-publish","hentry"],"acf":[],"_links":{"self":[{"href":"https:\/\/www.editdigitalpassport.com\/es\/wp-json\/wp\/v2\/pages\/1098","targetHints":{"allow":["GET"]}}],"collection":[{"href":"https:\/\/www.editdigitalpassport.com\/es\/wp-json\/wp\/v2\/pages"}],"about":[{"href":"https:\/\/www.editdigitalpassport.com\/es\/wp-json\/wp\/v2\/types\/page"}],"author":[{"embeddable":true,"href":"https:\/\/www.editdigitalpassport.com\/es\/wp-json\/wp\/v2\/users\/1"}],"replies":[{"embeddable":true,"href":"https:\/\/www.editdigitalpassport.com\/es\/wp-json\/wp\/v2\/comments?post=1098"}],"version-history":[{"count":11,"href":"https:\/\/www.editdigitalpassport.com\/es\/wp-json\/wp\/v2\/pages\/1098\/revisions"}],"predecessor-version":[{"id":2188,"href":"https:\/\/www.editdigitalpassport.com\/es\/wp-json\/wp\/v2\/pages\/1098\/revisions\/2188"}],"wp:attachment":[{"href":"https:\/\/www.editdigitalpassport.com\/es\/wp-json\/wp\/v2\/media?parent=1098"}],"curies":[{"name":"wp","href":"https:\/\/api.w.org\/{rel}","templated":true}]}}