{"id":1229,"date":"2024-12-20T15:49:49","date_gmt":"2024-12-20T14:49:49","guid":{"rendered":"https:\/\/www.editdigitalpassport.com\/le-projet-edit\/"},"modified":"2025-05-09T09:57:34","modified_gmt":"2025-05-09T07:57:34","slug":"le-projet-edit","status":"publish","type":"page","link":"https:\/\/www.editdigitalpassport.com\/es\/le-projet-edit\/","title":{"rendered":"El proyecto EDIT"},"content":{"rendered":"\r\n<section id=\"banner-block_81589928508c733a003a49892092a00d\" class=\"banner  py-3\">\r\n\r\n    \r\n    <div class=\"banner-wrap d-flex align-items-center\">\r\n        <div class=\"container\">\r\n            <div class=\"row\">\r\n                <div class=\"col-md-9 col-lg-6\">\r\n                    \n\n<p class=\"wp-block-editdigitalpassport-texte-libre text-auto style-style5  visible\">[TRANSFORMACI\u00d3N INDUSTRIAL ECODIGITAL]<\/p>\n\n\n\n<h1 class=\"wp-block-editdigitalpassport-texte-libre text-auto style-style1  visible\">\u00bfEn qu\u00e9 consiste <\/h1>\n\n\n\n<h1 class=\"wp-block-editdigitalpassport-texte-libre text-auto style-style1  visible\">el proyecto EDIT?<\/h1>\n\n                <\/div>\r\n            <\/div>\r\n        <\/div>\r\n    <\/div>\r\n\r\n            <div class=\"d-block d-md-none container-fluid\">\r\n            <div class=\"row\">\r\n                <div class=\"col-12 g-0\">\r\n                    <img decoding=\"async\" src=\"https:\/\/www.editdigitalpassport.com\/wp-content\/uploads\/2024\/12\/banner-page-m.svg\" class=\"img-fluid imgsize-img-full\" alt=\"Le Passeport Num\u00e9rique de Produit\" \/>                <\/div>\r\n            <\/div>\r\n        <\/div>\r\n    <\/section>\r\n\r\n<style>\r\n    .banner-wrap {\r\n        background: none;\r\n    }\r\n    @media (min-width: 768px) {\r\n        .banner-wrap {\r\n            background: url('https:\/\/www.editdigitalpassport.com\/wp-content\/uploads\/2024\/12\/banner-page-m.svg ');\r\n            background-size: contain;\r\n            background-position: 50% 50%;\r\n            background-repeat: no-repeat;\r\n            min-height: 484px;\r\n        }\r\n    }\r\n    @media (min-width: 992px) {\r\n        .banner-wrap {\r\n            background: url('https:\/\/www.editdigitalpassport.com\/wp-content\/uploads\/2024\/12\/banner-page.png ');\r\n            background-size: contain;\r\n            background-position: 50% 50%;\r\n            background-repeat: no-repeat;\r\n            min-height: 484px;\r\n        }\r\n    }\r\n<\/style>\n\n\n<section id=\"section-block_3245c44e2ff7aba0aa06fa42fcaef363\" class=\"section d-block bg--color-transparent\"\n         style='  background-repeat: no-repeat; background-position: 50% 50%;'>\n    <div class=\"container-md \">\n        \n\n<p class=\"wp-block-editdigitalpassport-texte-libre text-auto style-body  visible\">El proyecto EDIT, liderado por Bidasoa Activa, la agencia de desarrollo de Bidasoa (Guip\u00fazcoa), y respaldado por otros 7 socios, tiene como objetivo acompa\u00f1ar a las empresas del territorio, especialmente a las empresas manufactureras, en la implementaci\u00f3n del Pasaporte Digital de Producto (PDP). El principal objetivo de este proyecto es proporcionar las herramientas necesarias para este despliegue, permiti\u00e9ndoles cumplir con la futura regulaci\u00f3n europea (<a href=\"https:\/\/commission.europa.eu\/energy-climate-change-environment\/standards-tools-and-labels\/products-labelling-rules-and-requirements\/ecodesign-sustainable-products-regulation_en\">ESPR<\/a>).<\/p>\n\n\n\n<p class=\"wp-block-editdigitalpassport-texte-libre text-auto style-body  visible\">Est\u00e1 cofinanciado en un 65% por el Fondo Europeo de Desarrollo Regional (FEDER) a trav\u00e9s del Programa Interreg V-A Espa\u00f1a-Francia-Andorra (POCTEFA 2021-2027), conforme a la <a href=\"https:\/\/ec.europa.eu\/regional_policy\/home_en\" target=\"_blank\" rel=\"noreferrer noopener\">pol\u00edtica regional de la UE<\/a>. El objetivo del <a href=\"https:\/\/www.poctefa.eu\/\" target=\"_blank\" rel=\"noreferrer noopener\">POCTEFA<\/a> es aumentar la competitividad del territorio y fortalecer las cadenas de valor transfronterizas regionales. Su apoyo se centra en el desarrollo de actividades econ\u00f3micas, sociales y ambientales transfronterizas mediante estrategias conjuntas que fomentan el desarrollo sostenible del territorio. El proyecto tambi\u00e9n cuenta con el apoyo del Gobierno de Navarra.<\/p>\n\n\n\n\n<div id=\"espacement-block_3fb1178fd49c8ebf3e3903e880e100b0\" class=\"espacement-2 espacement-auto espacement  \"><\/div>\n    <\/div>\n<\/section>\n\n\n<section id=\"section-block_de4b2aaa044bea4d0b0047b1609c44a7\" class=\"section d-block bg--color-transparent\"\n         style='  background-repeat: no-repeat; background-position: 50% 50%;'>\n    <div class=\"container \">\n        \n\n\n<div id=\"espacement-block_3fb1178fd49c8ebf3e3903e880e100b0\" class=\"espacement-2 espacement-auto espacement  \"><\/div>\n\n\n<div class=\" multi-cols row  row-cols-1  row-cols-md-2 breakpoint-md text-start align-items-center column-gap-3 row-gap-0 main-col-1 my-0 \"><div class=\"col  \"><div class=\"base_multi_cols  align-editdigitalpassport d-inline-block position-relative w-100 h-100 bg  no-py no-px\" style=\"\">\n\n<div id=\"base_image-block_1581fbb6ac145e048df0e81a115f6b95\" class=\"base_image my-0 imgsize-thumbnail_full\">\n        <img decoding=\"async\"   src=\"https:\/\/www.editdigitalpassport.com\/wp-content\/uploads\/2024\/12\/visuel-edit.svg\" class=\"image-contenu    imgsize-thumbnail_full\" alt=\"Le contexte socio-\u00e9conomique\" \/>        <\/div>\n<\/div><\/div>\n\n<div class=\"col  \"><div class=\"base_multi_cols  align-editdigitalpassport d-inline-block position-relative w-100 h-100 bg  no-py no-px\" style=\"\">\n\n<h2 class=\"wp-block-editdigitalpassport-texte-libre text-auto style-style2  visible\">La g\u00e9nesis del proyecto<\/h2>\n\n\n\n<p class=\"wp-block-editdigitalpassport-texte-libre text-auto style-body  visible\">El contexto socioecon\u00f3mico actual dificulta que las empresas enfrenten individualmente los desaf\u00edos relacionados con la mejora de su competitividad, su posicionamiento en el mercado, la integraci\u00f3n de nuevas tecnolog\u00edas y la innovaci\u00f3n en su propuesta de valor.<\/p>\n\n\n\n<p class=\"wp-block-editdigitalpassport-texte-libre text-auto style-body  visible\">Por su parte, la Uni\u00f3n Europea est\u00e1 desarrollando una normativa cuyo objetivo es establecer requisitos de ecodise\u00f1o para los productos comercializados en el mercado europeo, con el fin de impulsar la econom\u00eda circular y reducir su impacto ambiental y social. Estos desaf\u00edos requieren la colaboraci\u00f3n con otras organizaciones.<\/p>\n\n<\/div><\/div><\/div>\n\n    <\/div>\n<\/section>\n\n\n\n<div id=\"espacement-block_b9926c3ca72138b7803c530c973fb1ae\" class=\"espacement-3 espacement-auto espacement  \"><\/div>\n\n\n<section id=\"section-block_502e0ed0964454d1665f6485d667c734\" class=\"section d-block fond-color-full  bg--color-4\"\n         style='  background-repeat: no-repeat; background-position: 50% 50%;'>\n    <div class=\"container \">\n        \n\n\n<div id=\"espacement-block_b9926c3ca72138b7803c530c973fb1ae\" class=\"espacement-3 espacement-auto espacement  \"><\/div>\n\n\n<div class=\" multi-cols row  row-cols-25-75 breakpoint-md text-start align-items-center column-gap-5 row-gap-0 main-col-1 my-0 \"><div class=\"col  \"><div class=\"base_multi_cols  align-editdigitalpassport d-inline-block position-relative w-100 h-100 bg--color-transparent  py-0 px-0\" style=\"\">\n\n<div id=\"base_image-block_6a4dcaf8fd171800edf6a18559b7d39d\" class=\"base_image my-0 imgsize-thumbnail_full\">\n        <img decoding=\"async\"   src=\"https:\/\/www.editdigitalpassport.com\/wp-content\/uploads\/2024\/12\/forme-edit.svg\" class=\"image-contenu    imgsize-thumbnail_full\" alt=\"Passeport Num\u00e9rique\" \/>        <\/div>\n<\/div><\/div>\n\n<div class=\"col  \"><div class=\"base_multi_cols  align-editdigitalpassport d-inline-block position-relative w-100 h-100 bg  no-py no-px\" style=\"\">\n\n<p class=\"wp-block-editdigitalpassport-texte-libre text-auto style-style4  visible\">El Pasaporte Digital de Producto [PDP] se convierte as\u00ed en una herramienta clave para promover la transparencia y la circularidad.<\/p>\n\n\n\n<p class=\"wp-block-editdigitalpassport-texte-libre text-auto style-style4  visible\">Permite a las empresas proporcionar todos los detalles de sus productos a lo largo de su ciclo de vida e informar a las partes interesadas y a los consumidores.<\/p>\n\n<\/div><\/div><\/div>\n\n\n\n\n<div id=\"espacement-block_b9926c3ca72138b7803c530c973fb1ae\" class=\"espacement-3 espacement-auto espacement  \"><\/div>\n    <\/div>\n<\/section>\n\n\n<section id=\"section-block_3245c44e2ff7aba0aa06fa42fcaef363\" class=\"section d-block bg--color-transparent\"\n         style='  background-repeat: no-repeat; background-position: 50% 50%;'>\n    <div class=\"container-md \">\n        \n\n\n<div id=\"espacement-block_b9926c3ca72138b7803c530c973fb1ae\" class=\"espacement-3 espacement-auto espacement  \"><\/div>\n\n\n<p class=\"wp-block-editdigitalpassport-texte-libre text-auto style-body  visible\">Por lo tanto, este proyecto se centra en las claves del proceso de transformaci\u00f3n que las empresas deben afrontar en t\u00e9rminos de doble transici\u00f3n: digital y ecol\u00f3gica. Permitir\u00e1 identificar las competencias necesarias para enfrentar este desaf\u00edo y definir su implementaci\u00f3n estrat\u00e9gica.<\/p>\n\n\n\n<p class=\"wp-block-editdigitalpassport-texte-libre text-auto style-body  visible\">El proyecto tiene como objetivo acompa\u00f1ar a las empresas del territorio de experimentaci\u00f3n, ofreciendo una herramienta de autodiagn\u00f3stico para identificar su situaci\u00f3n en t\u00e9rminos de competencias y recursos para la transici\u00f3n al PDP. Posteriormente, se recomendar\u00e1 una lista de expertos adecuados para facilitar su implementaci\u00f3n en cuestiones de equipamiento, recursos humanos y log\u00edstica. Antes de esta fase de transformaci\u00f3n, los equipos del proyecto iniciar\u00e1n la implementaci\u00f3n del PDP en las dos empresas miembros del consorcio, para servir de ejemplo a otras empresas.<\/p>\n\n\n\n<p class=\"wp-block-editdigitalpassport-texte-libre text-auto style-body  visible\">El proyecto se centra en los sectores textil, del mobiliario y agroalimentario en los territorios del Pa\u00eds Vasco Norte y Sur y Navarra, estableciendo las bases y metodolog\u00edas para su replicaci\u00f3n en otras regiones y territorios.<\/p>\n\n\n\n\n<div id=\"espacement-block_b9926c3ca72138b7803c530c973fb1ae\" class=\"espacement-3 espacement-auto espacement  \"><\/div>\n    <\/div>\n<\/section>\n\n\n<section id=\"section-block_225449c0b8cedd6a28e7ff60517f1b14\" class=\"section d-block bg--color-2\"\n         style='  background-repeat: no-repeat; background-position: 50% 50%;'>\n    <div class=\"container \">\n        \n\n\n<div id=\"espacement-block_b9926c3ca72138b7803c530c973fb1ae\" class=\"espacement-3 espacement-auto espacement  \"><\/div>\n\n\n<h2 class=\"wp-block-editdigitalpassport-texte-libre text-auto style-style2  visible\">3 sectores estudiados<\/h2>\n\n\n\n\n<div id=\"espacement-block_3fb1178fd49c8ebf3e3903e880e100b0\" class=\"espacement-2 espacement-auto espacement  \"><\/div>\n\n\n<div class=\" multi-cols row  row-cols-1  row-cols-md-3  breakpoint-md text-start align-items-center column-gap-1 row-gap-1 main-col-1 my-0 \"><div class=\"col  \"><div class=\"base_multi_cols border-radius  align-editdigitalpassport d-inline-block position-relative w-100 h-100 bg--color-light  py-1 py-lg-2 px-1 px-lg-2\" style=\"\">\n\n<div id=\"base_image-block_084a58729057bfbbbc8628642703ed5c\" class=\"base_image img-secteurs my-0 imgsize-thumbnail_landscape\">\n        <img decoding=\"async\"   src=\"https:\/\/www.editdigitalpassport.com\/wp-content\/uploads\/2024\/12\/secteur-agro.svg\" class=\"image-contenu    imgsize-thumbnail_landscape\" alt=\"Secteur Agro-Alimentaire\" \/>        <\/div>\n\n\n<p class=\"wp-block-editdigitalpassport-texte-libre text-auto style-style5  visible mt-1 mb-0\">mobiliario<\/p>\n\n<\/div><\/div>\n\n<div class=\"col  \"><div class=\"base_multi_cols border-radius  align-editdigitalpassport d-inline-block position-relative w-100 h-100 bg--color-light  py-1 py-lg-2 px-1 px-lg-2\" style=\"\">\n\n<div id=\"base_image-block_1e729bb8c7daae9a350d48a3a4e65b6f\" class=\"base_image img-secteurs my-0 imgsize-thumbnail_landscape\">\n        <img decoding=\"async\"   src=\"https:\/\/www.editdigitalpassport.com\/wp-content\/uploads\/2024\/12\/secteur-textile.svg\" class=\"image-contenu    imgsize-thumbnail_landscape\" alt=\"Le Passeport Num\u00e9rique de Produit\" \/>        <\/div>\n\n\n<p class=\"wp-block-editdigitalpassport-texte-libre text-auto style-style5  visible mt-1 mb-0\">agroalimentario<\/p>\n\n<\/div><\/div>\n\n<div class=\"col  \"><div class=\"base_multi_cols border-radius  align-editdigitalpassport d-inline-block position-relative w-100 h-100 bg--color-light  py-1 py-lg-2 px-1 px-lg-2\" style=\"\">\n\n<div id=\"base_image-block_4d5963eca4daa95af625683559adde61\" class=\"base_image img-secteurs my-0 imgsize-thumbnail_landscape\">\n        <img decoding=\"async\"   src=\"https:\/\/www.editdigitalpassport.com\/wp-content\/uploads\/2024\/12\/secteur-ameublement.svg\" class=\"image-contenu    imgsize-thumbnail_landscape\" alt=\"Secteur de l&#039;ameublement\" \/>        <\/div>\n\n\n<p class=\"wp-block-editdigitalpassport-texte-libre text-auto style-style5  visible mt-1 mb-0\">textil<\/p>\n\n<\/div><\/div><\/div>\n\n\n\n\n<div id=\"espacement-block_60c875508eed5694c03358bad8a575f5\" class=\"espacement-1 espacement-auto espacement  \"><\/div>\n\n\n<div class=\" multi-cols row  row-cols-1  row-cols-md-2 breakpoint-md text-start align-items-center column-gap-1 row-gap-1 main-col-1 my-0 \"><div class=\"col  \"><div class=\"base_multi_cols border-radius  align-editdigitalpassport d-inline-block position-relative w-100 h-100 bg--color-light  py-1 py-lg-2 px-1 px-lg-2\" style=\"\">\n\n<p class=\"wp-block-editdigitalpassport-texte-libre text-auto style-style1  visible m-0\">2<\/p>\n\n\n\n<p class=\"wp-block-editdigitalpassport-texte-libre text-auto style-style4  visible m-0\">Empresas piloto<\/p>\n\n<\/div><\/div>\n\n<div class=\"col  \"><div class=\"base_multi_cols border-radius  align-editdigitalpassport d-inline-block position-relative w-100 h-100 bg--color-light  py-1 py-lg-2 px-1 px-lg-2\" style=\"\">\n\n<p class=\"wp-block-editdigitalpassport-texte-libre text-auto style-style1  visible m-0\">1<\/p>\n\n\n\n<p class=\"wp-block-editdigitalpassport-texte-libre text-auto style-style4  visible\">HERRAMIENTA DE AUTODIAGN\u00d3STICO<\/p>\n\n<\/div><\/div><\/div>\n\n\n\n\n<div id=\"espacement-block_60c875508eed5694c03358bad8a575f5\" class=\"espacement-1 espacement-auto espacement  \"><\/div>\n\n\n<div class=\" multi-cols row  row-cols-1  row-cols-md-2 breakpoint-md text-start align-items-center column-gap-1 row-gap-1 main-col-1 my-0 \"><div class=\"col  \"><div class=\"base_multi_cols  align-editdigitalpassport d-inline-block position-relative w-100 h-100 bg  no-py no-px\" style=\"\">\n\n<p class=\"wp-block-editdigitalpassport-texte-libre text-auto style-body  visible\"><\/p>\n\n<\/div><\/div>\n\n<div class=\"col  \"><div class=\"base_multi_cols  align-editdigitalpassport d-inline-block position-relative w-100 h-100 bg  no-py no-px\" style=\"\">\n\n<p class=\"wp-block-editdigitalpassport-texte-libre text-auto style-body  visible\"><\/p>\n\n<\/div><\/div><\/div>\n\n\n\n\n<div id=\"espacement-block_b9926c3ca72138b7803c530c973fb1ae\" class=\"espacement-3 espacement-auto espacement  \"><\/div>\n    <\/div>\n<\/section>\n\n\n<section id=\"section-block_3245c44e2ff7aba0aa06fa42fcaef363\" class=\"section d-block bg--color-transparent\"\n         style='  background-repeat: no-repeat; background-position: 50% 50%;'>\n    <div class=\"container-md \">\n        \n\n\n<div id=\"espacement-block_b9926c3ca72138b7803c530c973fb1ae\" class=\"espacement-3 espacement-auto espacement  \"><\/div>\n\n\n<p class=\"wp-block-editdigitalpassport-texte-libre text-auto style-body  visible\">Durante 3 a\u00f1os (2024-2026), se llevar\u00e1n a cabo trabajos para analizar las indicaciones y requisitos de la Uni\u00f3n Europea para la implementaci\u00f3n del Pasaporte Digital de los Productos, su adaptaci\u00f3n al territorio y el acompa\u00f1amiento y asesoramiento posterior a las empresas en su transformaci\u00f3n digital. El proyecto concluir\u00e1 con un proyecto piloto junto a las dos empresas asociadas al proyecto.<\/p>\n\n\n\n<p class=\"wp-block-editdigitalpassport-texte-libre text-auto style-body  visible\">La asociaci\u00f3n est\u00e1 compuesta por 8 entidades, de 2 pa\u00edses y 3 regiones, con trayectorias, competencias, experiencias y recursos diferentes y complementarios.<\/p>\n\n\n\n\n<div id=\"espacement-block_b9926c3ca72138b7803c530c973fb1ae\" class=\"espacement-3 espacement-auto espacement  \"><\/div>\n    <\/div>\n<\/section>\n\n\n<section id=\"section-block_ad6dddbdc4635a38daa7b2c883bf0377\" class=\"section d-block bg--color-transparent\"\n         style='  background-repeat: no-repeat; background-position: 50% 50%;'>\n    <div class=\"container-lg \">\n        \n\n<h4 class=\"wp-block-editdigitalpassport-texte-libre text-auto style-style4  visible\">AGENCIAS TERRITORIALES<\/h4>\n\n\n\n<div class=\" multi-cols row  row-cols-1  row-cols-md-2 breakpoint-md text-start align-items-start column-gap-1 row-gap-1 main-col-1 my-0 \"><div class=\"col  \"><div class=\"base_multi_cols border-radius  align-editdigitalpassport d-inline-block position-relative w-100 h-100 bg--color-2  py-0 px-0\" style=\"\">\n\n<p class=\"wp-block-editdigitalpassport-texte-libre text-auto style-body  visible titre-picto border-bottom px-1 pb-1\"><strong>BIDASOA ACTIVA<\/strong>, l\u00edder del proyecto<\/p>\n\n\n\n<p class=\"wp-block-editdigitalpassport-texte-libre text-auto style-body  visible px-1 pb-0 mb-0\">Agencia de desarrollo local<\/p>\n\n\n\n<p class=\"wp-block-editdigitalpassport-texte-libre text-auto style-body  visible border-bottom px-1 pb-1 mt-0\">Guip\u00fazcoa<\/p>\n\n\n\n<p class=\"wp-block-editdigitalpassport-texte-libre text-auto style-body  visible px-1\"><a href=\"https:\/\/www.bidasoa-activa.com\/es\/\" target=\"_blank\" rel=\"noreferrer noopener\">Sitio web<\/a><\/p>\n\n<\/div><\/div>\n\n<div class=\"col  \"><div class=\"base_multi_cols border-radius  align-editdigitalpassport d-inline-block position-relative w-100 h-100 bg--color-2  py-0 px-0\" style=\"\">\n\n<p class=\"wp-block-editdigitalpassport-texte-libre text-auto style-body  visible titre-picto border-bottom px-1 pb-1\"><strong>LaNum Pays Basque<\/strong><\/p>\n\n\n\n<p class=\"wp-block-editdigitalpassport-texte-libre text-auto style-body  visible px-1 mb-0\">Agencia Digital Pa\u00eds Vasco<\/p>\n\n\n\n<p class=\"wp-block-editdigitalpassport-texte-libre text-auto style-body  visible border-bottom px-1 pb-1 mt-0\">Iparralde<\/p>\n\n\n\n<p class=\"wp-block-editdigitalpassport-texte-libre text-auto style-body  visible px-1\"><a href=\"https:\/\/lanum-paysbasque.com\/\" target=\"_blank\" rel=\"noreferrer noopener\">Sitio web<\/a><\/p>\n\n<\/div><\/div><\/div>\n\n\n\n\n<div id=\"espacement-block_60c875508eed5694c03358bad8a575f5\" class=\"espacement-1 espacement-auto espacement  \"><\/div>\n\n\n<div class=\" multi-cols row  row-cols-1  row-cols-md-2 breakpoint-md text-start align-items-start column-gap-1 row-gap-1 main-col-1 my-0 \"><div class=\"col  \"><div class=\"base_multi_cols border-radius  align-editdigitalpassport d-inline-block position-relative w-100 h-100 bg--color-2  py-0 px-0\" style=\"\">\n\n<p class=\"wp-block-editdigitalpassport-texte-libre text-auto style-body  visible titre-picto border-bottom px-1 pb-1\"><strong>CCNA<\/strong><\/p>\n\n\n\n<p class=\"wp-block-editdigitalpassport-texte-libre text-auto style-body  visible titre-picto border-bottom px-1 pb-1\">C\u00e1mara de Comercio de Navarra<\/p>\n\n\n\n<p class=\"wp-block-editdigitalpassport-texte-libre text-auto style-body  visible border-bottom px-1 pb-1 pb-md-25\">Navarra<\/p>\n\n\n\n<p class=\"wp-block-editdigitalpassport-texte-libre text-auto style-body  visible px-1\"><a href=\"https:\/\/camaranavarra.com\/\" target=\"_blank\" rel=\"noreferrer noopener\">Sitio web<\/a><\/p>\n\n<\/div><\/div>\n\n<div class=\"col  \"><div class=\"base_multi_cols border-radius  align-editdigitalpassport d-inline-block position-relative w-100 h-100 bg--color-2  py-0 px-0\" style=\"\">\n\n<p class=\"wp-block-editdigitalpassport-texte-libre text-auto style-body  visible titre-picto border-bottom px-1 pb-1\"><strong>SAKANA<\/strong><\/p>\n\n\n\n<p class=\"wp-block-editdigitalpassport-texte-libre text-auto style-body  visible px-1 mb-0\">Agencia de desarrollo local<\/p>\n\n\n\n<p class=\"wp-block-editdigitalpassport-texte-libre text-auto style-body  visible border-bottom px-1 pb-1 mt-0\">Navarra<\/p>\n\n\n\n<p class=\"wp-block-editdigitalpassport-texte-libre text-auto style-body  visible px-1\"><a href=\"https:\/\/www.sakanagaratzen.com\/es\" target=\"_blank\" rel=\"noreferrer noopener\">Sitio web<\/a><\/p>\n\n<\/div><\/div><\/div>\n\n\n\n\n<div id=\"espacement-block_3fb1178fd49c8ebf3e3903e880e100b0\" class=\"espacement-2 espacement-auto espacement  \"><\/div>\n    <\/div>\n<\/section>\n\n\n<section id=\"section-block_ad6dddbdc4635a38daa7b2c883bf0377\" class=\"section d-block bg--color-transparent\"\n         style='  background-repeat: no-repeat; background-position: 50% 50%;'>\n    <div class=\"container-lg \">\n        \n\n<h4 class=\"wp-block-editdigitalpassport-texte-libre text-auto style-style4  visible\">Centros de investigaci\u00f3n<\/h4>\n\n\n\n<div class=\" multi-cols row  row-cols-1  row-cols-md-2 breakpoint-md text-start align-items-start column-gap-1 row-gap-1 main-col-1 my-0 \"><div class=\"col  \"><div class=\"base_multi_cols border-radius  align-editdigitalpassport d-inline-block position-relative w-100 h-100 bg--color-3  py-0 px-0\" style=\"\">\n\n<p class=\"wp-block-editdigitalpassport-texte-libre text-auto style-body  visible titre-picto border-bottom px-1 pb-1\"><strong>MIK<\/strong><\/p>\n\n\n\n<p class=\"wp-block-editdigitalpassport-texte-libre text-auto style-body  visible titre-picto border-bottom px-1 pb-1\">Centro de investigaci\u00f3n en gesti\u00f3n<\/p>\n\n\n\n<p class=\"wp-block-editdigitalpassport-texte-libre text-auto style-body  visible\">Mondrag\u00f3n<\/p>\n\n\n\n<p class=\"wp-block-editdigitalpassport-texte-libre text-auto style-body  visible px-1\"><a href=\"https:\/\/mik.mondragon.edu\/en\/home\" target=\"_blank\" rel=\"noreferrer noopener\">Sitio web<\/a><\/p>\n\n<\/div><\/div>\n\n<div class=\"col  \"><div class=\"base_multi_cols border-radius  align-editdigitalpassport d-inline-block position-relative w-100 h-100 bg--color-3  py-0 px-0\" style=\"\">\n\n<p class=\"wp-block-editdigitalpassport-texte-libre text-auto style-body  visible titre-picto border-bottom px-1 pb-1\"><strong>ESTIA TECH<\/strong><\/p>\n\n\n\n<p class=\"wp-block-editdigitalpassport-texte-libre text-auto style-body  visible titre-picto border-bottom px-1 pb-1\">Centro de valorizaci\u00f3n y transferencia<\/p>\n\n\n\n<p class=\"wp-block-editdigitalpassport-texte-libre text-auto style-body  visible\">Bidart <\/p>\n\n\n\n<p class=\"wp-block-editdigitalpassport-texte-libre text-auto style-body  visible px-1\"><a href=\"https:\/\/www.estia.fr\/estiatech\/\" target=\"_blank\" rel=\"noreferrer noopener\">Sitio web<\/a><\/p>\n\n<\/div><\/div><\/div>\n\n\n\n\n<div id=\"espacement-block_3fb1178fd49c8ebf3e3903e880e100b0\" class=\"espacement-2 espacement-auto espacement  \"><\/div>\n    <\/div>\n<\/section>\n\n\n<section id=\"section-block_ad6dddbdc4635a38daa7b2c883bf0377\" class=\"section d-block bg--color-transparent\"\n         style='  background-repeat: no-repeat; background-position: 50% 50%;'>\n    <div class=\"container-lg \">\n        \n\n<h4 class=\"wp-block-editdigitalpassport-texte-libre text-auto style-style4  visible\">Empresas<\/h4>\n\n\n\n<p>Para el proyecto piloto acompa\u00f1ado y personalizado.<\/p>\n\n\n\n<div class=\" multi-cols row  row-cols-1  row-cols-md-2 breakpoint-md text-start align-items-start column-gap-1 row-gap-1 main-col-1 my-0 \"><div class=\"col  \"><div class=\"base_multi_cols border-radius  align-editdigitalpassport d-inline-block position-relative w-100 h-100 bg--color-4  py-0 px-0\" style=\"\">\n\n<p class=\"wp-block-editdigitalpassport-texte-libre text-auto style-body  visible titre-picto border-bottom px-1 pb-1\"><strong>ALGON<\/strong><\/p>\n\n\n\n<p class=\"wp-block-editdigitalpassport-texte-libre text-auto style-body  visible px-1 pb-0 mb-0\">Ir\u00fan<\/p>\n\n\n\n<p class=\"wp-block-editdigitalpassport-texte-libre text-auto style-body  visible border-bottom px-1 pb-1 mt-0\">Fabricaci\u00f3n y comercializaci\u00f3n de estructuras met\u00e1licas para muebles<\/p>\n\n\n\n<p class=\"wp-block-editdigitalpassport-texte-libre text-auto style-body  visible px-1\"><a href=\"http:\/\/algonoutdoor.com\/\" target=\"_blank\" rel=\"noreferrer noopener\">Sitio web<\/a><\/p>\n\n<\/div><\/div>\n\n<div class=\"col  \"><div class=\"base_multi_cols border-radius  align-editdigitalpassport d-inline-block position-relative w-100 h-100 bg--color-4  py-0 px-0\" style=\"\">\n\n<p class=\"wp-block-editdigitalpassport-texte-libre text-auto style-body  visible titre-picto border-bottom px-1 pb-1\"><strong>HARIVENASA<\/strong><\/p>\n\n\n\n<p class=\"wp-block-editdigitalpassport-texte-libre text-auto style-body  visible px-1 mb-0\">Etxarren<\/p>\n\n\n\n<p class=\"wp-block-editdigitalpassport-texte-libre text-auto style-body  visible border-bottom px-1 pb-1 mt-0\">Producci\u00f3n y comercializaci\u00f3n de productos derivados de la avena (copos, salvado, harina\u2026).<\/p>\n\n\n\n<p class=\"wp-block-editdigitalpassport-texte-libre text-auto style-body  visible px-1\"><a href=\"https:\/\/www.harivenasa.es\/fr\/\" target=\"_blank\" rel=\"noreferrer noopener\">Sitio web<\/a><\/p>\n\n<\/div><\/div><\/div>\n\n\n\n\n<div id=\"espacement-block_60c875508eed5694c03358bad8a575f5\" class=\"espacement-1 espacement-auto espacement  \"><\/div>\n\n\n\n<div id=\"espacement-block_b9926c3ca72138b7803c530c973fb1ae\" class=\"espacement-3 espacement-auto espacement  \"><\/div>\n    <\/div>\n<\/section>\n\n\n<p><\/p>\n","protected":false},"excerpt":{"rendered":"","protected":false},"author":1,"featured_media":0,"parent":0,"menu_order":3,"comment_status":"closed","ping_status":"closed","template":"pages\/page-fullwidth.php","meta":{"_acf_changed":false,"_seopress_robots_primary_cat":"","_seopress_titles_title":"","_seopress_titles_desc":"","_seopress_robots_index":"","footnotes":""},"class_list":["post-1229","page","type-page","status-publish","hentry"],"acf":[],"_links":{"self":[{"href":"https:\/\/www.editdigitalpassport.com\/es\/wp-json\/wp\/v2\/pages\/1229","targetHints":{"allow":["GET"]}}],"collection":[{"href":"https:\/\/www.editdigitalpassport.com\/es\/wp-json\/wp\/v2\/pages"}],"about":[{"href":"https:\/\/www.editdigitalpassport.com\/es\/wp-json\/wp\/v2\/types\/page"}],"author":[{"embeddable":true,"href":"https:\/\/www.editdigitalpassport.com\/es\/wp-json\/wp\/v2\/users\/1"}],"replies":[{"embeddable":true,"href":"https:\/\/www.editdigitalpassport.com\/es\/wp-json\/wp\/v2\/comments?post=1229"}],"version-history":[{"count":10,"href":"https:\/\/www.editdigitalpassport.com\/es\/wp-json\/wp\/v2\/pages\/1229\/revisions"}],"predecessor-version":[{"id":1793,"href":"https:\/\/www.editdigitalpassport.com\/es\/wp-json\/wp\/v2\/pages\/1229\/revisions\/1793"}],"wp:attachment":[{"href":"https:\/\/www.editdigitalpassport.com\/es\/wp-json\/wp\/v2\/media?parent=1229"}],"curies":[{"name":"wp","href":"https:\/\/api.w.org\/{rel}","templated":true}]}}