{"id":1238,"date":"2024-12-20T15:50:57","date_gmt":"2024-12-20T14:50:57","guid":{"rendered":"https:\/\/www.editdigitalpassport.com\/mentions-legales\/"},"modified":"2025-03-24T10:38:24","modified_gmt":"2025-03-24T09:38:24","slug":"mentions-legales","status":"publish","type":"page","link":"https:\/\/www.editdigitalpassport.com\/es\/mentions-legales\/","title":{"rendered":"Informaci\u00f3n Legal"},"content":{"rendered":"\n<h1 class=\"wp-block-editdigitalpassport-texte-libre text-auto style-style1  visible\">Informaci\u00f3n Legal<\/h1>\n\n\n\n<p>CONDICIONES GENERALES DE USO<\/p>\n\n\n\n<p>Por favor, leer atentamente estas condiciones de uso antes de utilizar este sitio Web. La utilizaci\u00f3n de este sitio Web supone que el usuario reconoce impl\u00edcitamente que acepta las condiciones. Si no est\u00e1s de acuerdo con las mismas o tienes alguna duda te rogamos que no te registres ni utilices este sitio Web.<\/p>\n\n\n\n<p><strong>1.- QUI\u00c9NES SOMOS<\/strong><\/p>\n\n\n\n<p><strong>BIDASOA ACTIVA&nbsp;<\/strong>&nbsp;con domicilio en Hendaia, 8 \u2013 Palacio Ducoureau. 20301, Irun, CIF A-20421053, pudiendo contactarse con la misma para cualquier cuesti\u00f3n relacionada con este website, en el tel\u00e9fono 943-509600<\/p>\n\n\n\n<p>El dominio <a href=\"https:\/\/www.editdigitalpassport.com\/\">www.editdigitalpassport.com<\/a> es propiedad de BIDASOA ACTIVA.<\/p>\n\n\n\n<p><strong>2.- QU\u00c9 ES LA WEB SITE DE BIDASOA ACTIVA<\/strong><\/p>\n\n\n\n<p>El sitio <a href=\"https:\/\/www.editdigitalpassport.com\/\">www.editdigitalpassport.com<\/a> en el cual te encuentras es el espacio interactivo creado por BIDASOA ACTIVA para ofrecer mayor informaci\u00f3n sobre sus productos y servicios.<\/p>\n\n\n\n<p>Como todo sitio Web tenemos unas condiciones de uso, sobre lo que te adelantamos que nuestro deseo es dar un complemento ingenioso y divertido para la promoci\u00f3n de nuestros productos, no realiz\u00e1ndose ninguna actividad de venta directa de productos en esta p\u00e1gina.<\/p>\n\n\n\n<p><strong>3.- FICHA T\u00c9CNICA<\/strong><\/p>\n\n\n\n<p>BIDASOA ACTIVA podr\u00e1 efectuar cuantas modificaciones t\u00e9cnicas sean precisas para mejorar la calidad, rendimiento, eficacia del sistema y conexi\u00f3n a redes tem\u00e1ticas o Internet.<\/p>\n\n\n\n<p><strong>4.- PROPIEDAD DEL WEB Y RESTRICCIONES DE USO<\/strong><\/p>\n\n\n\n<p>Este Web es propiedad de BIDASOA ACTIVA Todas las marcas, nombres de dominio y dem\u00e1s derechos de propiedad intelectual son propiedad de BIDASOA ACTIVA de tal forma que ning\u00fan contenido del mismo podr\u00e1 ser cedido, copiado, reproducido, publicado, cargado, enviado, transmitido, distribuido o explotado de ninguna manera, excepci\u00f3n hecha de la utilizaci\u00f3n del Web y de sus contenidos conforme a la finalidad del mismo, pudiendo realizar descargas y copias estrictamente privadas sin poder realizar ning\u00fan uso diferente al estipulado en estas condiciones. Contravenir lo anterior supondr\u00e1 una violaci\u00f3n de los derechos de autor y dem\u00e1s derechos propiedad de BIDASOA ACTIVA La modificaci\u00f3n y el uso de los contenidos para fines distintos de los aqu\u00ed permitidos es una violaci\u00f3n de los derechos de autor y dem\u00e1s derechos de propiedad de BIDASOA ACTIVA A los efectos de las presentes condiciones de uso, se prohibe el uso de los contenidos aqu\u00ed referidos en cualquier otro Web o red inform\u00e1tica.<\/p>\n\n\n\n<p><strong>5.- DURACI\u00d3N<\/strong><\/p>\n\n\n\n<p>Las presentes condiciones de uso regir\u00e1n en tanto en cuanto se mantengan inalterables en el website, reserv\u00e1ndose BIDASOA ACTIVA derecho a su alteraci\u00f3n, modificaci\u00f3n o supresi\u00f3n en cualquier momento, debiendo figurar esos cambios en la propia p\u00e1gina Web.<\/p>\n\n\n\n<p><strong>6.- EXCLUSION DE GARANTIAS<\/strong><\/p>\n\n\n\n<p>BIDASOA ACTIVA ha realizado el m\u00e1ximo esfuerzo en la calidad del presente Web y sus contenidos. No obstante, dadas las caracter\u00edsticas del propio medio Internet BIDASOA ACTIVA no garantiza los contenidos incluidos en el Web ni la disponibilidad y continuidad del funcionamiento de este Web, la reparaci\u00f3n de aver\u00edas, o la ausencia, en este Web o en su servidor, de virus u otros elementos lesivos para el sistema, sin perjuicio del esfuerzo constante que realizamos para evitar cualquier contingencia en ese sentido. BIDASOA ACTIVA no se responsabiliza del uso de los contenidos de este Web.<\/p>\n\n\n\n<p><strong>7.- LIMITACI\u00d3N DE RESPONSABILIDADES<\/strong><\/p>\n\n\n\n<p>Como consecuencia de lo se\u00f1alado en la condici\u00f3n anterior y debido a las peculiaridades del propio medio Internet, BIDASOA ACTIVA no ser\u00e1 responsable bajo ninguna circunstancia, incluida pero no limitada a la negligencia, de los da\u00f1os y perjuicios de cualquier naturaleza que puedan deberse al uso, o a la imposibilidad de usar, los materiales de este Web, incluidos los casos en que BIDASOA ACTIVA, o cualquier representante autorizado de BIDASOA ACTIVA hayan sido advertidos con anterioridad de la posibilidad de tales da\u00f1os. La responsabilidad de BIDASOA ACTIVA frente al usuario, por la totalidad de los da\u00f1os y perjuicios, incluidos pero no limitados a la negligencia, p\u00e9rdidas y demandas, no exceder\u00e1 en ning\u00fan caso la cantidad pagada por el usuario por acceder a este Web.<\/p>\n\n\n\n<p><strong>8.- JURISDICCI\u00d3N<\/strong><\/p>\n\n\n\n<p>BIDASOA ACTIVA no tiene control alguno sobre qui\u00e9n o qui\u00e9nes puedan acceder a su Web y d\u00f3nde puedan estar emplazados. Los usuarios de este Web, as\u00ed como BIDASOA ACTIVA con renuncia expresa a su propio fuero, se someten a la jurisdicci\u00f3n de los Juzgados y Tribunales de Donostia-San Sebasti\u00e1n, para todo conflicto o reclamaci\u00f3n en relaci\u00f3n a este Web.<\/p>\n\n\n\n<p><strong>9.- POL\u00cdTICA DE CALIDAD<\/strong><\/p>\n\n\n\n<p>La misi\u00f3n de Bidasoa activa es ofrecer servicios y productos de calidad a sus usuarios\/as,&nbsp; adapt\u00e1ndose continuamente a la evoluci\u00f3n de sus necesidades y expectativas en t\u00e9rminos de contenido, frecuencia y dem\u00e1s atributos del servicio, alcanzando un alto nivel de calidad,&nbsp; as\u00ed como la integraci\u00f3n y satisfacci\u00f3n plena de sus empleadas y empleados,&nbsp; dentro del Sistema de Gesti\u00f3n de Calidad de la Empresa.<\/p>\n\n\n\n<p>Ante la vocaci\u00f3n de eficacia y eficiencia&nbsp; en la satisfacci\u00f3n de las necesidades de nuestros usuarios, el Consejo de Administraci\u00f3n de Bidasoa activa estableci\u00f3&nbsp; una Pol\u00edtica de Calidad para que, asumida por toda la organizaci\u00f3n,&nbsp; se alcancen&nbsp; los siguientes objetivos<\/p>\n\n\n\n<ol class=\"wp-block-list\">\n<li>Determinar y cumplir los requisitos de los\/as usuarios\/as legales y reglamentarios buscando, de forma continua, la satisfacci\u00f3n de los mismos, trabajando en la prevenci\u00f3n de las disconformidades, anticip\u00e1ndose a la aparici\u00f3n de las mismas y dando siempre una respuesta r\u00e1pida, constructiva, positiva y favorable ante cualquier situaci\u00f3n.<\/li>\n\n\n\n<li>Trabajar en toda la Organizaci\u00f3n con la filosof\u00eda y cultura de dar servicio.<\/li>\n\n\n\n<li>Crear un ambiente de trabajo favorable para la promoci\u00f3n de la calidad, formando y motivando a las personas y desarrollando el trabajo en equipo, orientado a la mejora continua.<\/li>\n\n\n\n<li>Asegurar la revisi\u00f3n continua del Sistema de Gesti\u00f3n de Calidad, a trav\u00e9s de la realizaci\u00f3n de auditor\u00edas internas, que, con visi\u00f3n cr\u00edtica, faciliten la mejora del mismo.<\/li>\n\n\n\n<li>Utilizar el sistema de comunicaci\u00f3n interna de Bidasoa activa como canal de transmisi\u00f3n activo entre todos los niveles de la Organizaci\u00f3n.<\/li>\n<\/ol>\n\n\n\n<p>El cumplimiento de estos objetivos se conseguir\u00e1 a trav\u00e9s de la participaci\u00f3n e implicaci\u00f3n de todas las personas en los procesos, del seguimiento del Sistema de Gesti\u00f3n de Calidad y de la mejora continua.<\/p>\n\n\n\n<p>Bidasoa activa se compromete a cumplir esta Pol\u00edtica de Calidad, dotando a la Organizaci\u00f3n de los medios materiales y humanos necesarios para la implantaci\u00f3n, seguimiento y mejora del Sistema de Calidad, as\u00ed como a la revisi\u00f3n peri\u00f3dica de los objetivos, programas e iniciativas&nbsp; contenidos en el mismo.<\/p>\n\n\n\n<p><strong>10.-<\/strong>&nbsp;<strong>ACEPTACI\u00d3N<\/strong>&nbsp;<strong>DE LAS PRESENTES CONDICIONES<\/strong><\/p>\n\n\n\n<p>Al utilizar este Web, asumimos que el usuario ha le\u00eddo este documento cuidadosamente y que ha entendido y seguido sus consejos. En caso de que el usuario no est\u00e9 de acuerdo con los consejos que a trav\u00e9s de la misma se dan, por favor no utilices nuestros Web. Nos reservamos el derecho a modificar la presente condici\u00f3n de uso cuando consideremos que es necesario. La continuidad por el usuario en el uso de este y de otros Web de BIDASOA ACTIVA despu\u00e9s de haber introducido dichos cambios implicar\u00e1 la total aceptaci\u00f3n de los mismos.<\/p>\n\n\n\n<p>\u00a9 BIDASOA ACTIVA BIDASOA BIZIRIK Todos los derechos reservados.<\/p>\n\n\n\n<p>En Irun, a octubre de 2024.<\/p>\n\n\n\n<p><\/p>\n","protected":false},"excerpt":{"rendered":"<p>CONDICIONES GENERALES DE USO Por favor, leer atentamente estas condiciones de uso antes de utilizar este sitio Web. La utilizaci\u00f3n de este sitio Web supone que el usuario reconoce impl\u00edcitamente que acepta las condiciones. Si no est\u00e1s de acuerdo con las mismas o tienes alguna duda te rogamos que no te registres ni utilices este [&hellip;]<\/p>\n","protected":false},"author":1,"featured_media":0,"parent":0,"menu_order":6,"comment_status":"closed","ping_status":"closed","template":"pages\/page-container-md.php","meta":{"_acf_changed":false,"_seopress_robots_primary_cat":"","_seopress_titles_title":"","_seopress_titles_desc":"","_seopress_robots_index":"","footnotes":""},"class_list":["post-1238","page","type-page","status-publish","hentry"],"acf":[],"_links":{"self":[{"href":"https:\/\/www.editdigitalpassport.com\/es\/wp-json\/wp\/v2\/pages\/1238","targetHints":{"allow":["GET"]}}],"collection":[{"href":"https:\/\/www.editdigitalpassport.com\/es\/wp-json\/wp\/v2\/pages"}],"about":[{"href":"https:\/\/www.editdigitalpassport.com\/es\/wp-json\/wp\/v2\/types\/page"}],"author":[{"embeddable":true,"href":"https:\/\/www.editdigitalpassport.com\/es\/wp-json\/wp\/v2\/users\/1"}],"replies":[{"embeddable":true,"href":"https:\/\/www.editdigitalpassport.com\/es\/wp-json\/wp\/v2\/comments?post=1238"}],"version-history":[{"count":7,"href":"https:\/\/www.editdigitalpassport.com\/es\/wp-json\/wp\/v2\/pages\/1238\/revisions"}],"predecessor-version":[{"id":1640,"href":"https:\/\/www.editdigitalpassport.com\/es\/wp-json\/wp\/v2\/pages\/1238\/revisions\/1640"}],"wp:attachment":[{"href":"https:\/\/www.editdigitalpassport.com\/es\/wp-json\/wp\/v2\/media?parent=1238"}],"curies":[{"name":"wp","href":"https:\/\/api.w.org\/{rel}","templated":true}]}}