{"id":1244,"date":"2024-12-20T15:51:53","date_gmt":"2024-12-20T14:51:53","guid":{"rendered":"https:\/\/www.editdigitalpassport.com\/conformite-daccessibilite\/"},"modified":"2025-03-26T23:54:38","modified_gmt":"2025-03-26T22:54:38","slug":"conformite-daccessibilite","status":"publish","type":"page","link":"https:\/\/www.editdigitalpassport.com\/es\/conformite-daccessibilite\/","title":{"rendered":"Declaraci\u00f3n de accesibilidad"},"content":{"rendered":"\r\n<section id=\"banner-block_3d09d1624fb2aff6d67017310b9f6ee7\" class=\"banner  py-3\">\r\n\r\n    \r\n    <div class=\"banner-wrap d-flex align-items-center\">\r\n        <div class=\"container\">\r\n            <div class=\"row\">\r\n                <div class=\"col-md-9 col-lg-6\">\r\n                    \n\n<h1 class=\"wp-block-editdigitalpassport-texte-libre text-auto style-style1  visible\">Declaraci\u00f3n de accesibilidad<\/h1>\n\n                <\/div>\r\n            <\/div>\r\n        <\/div>\r\n    <\/div>\r\n\r\n            <div class=\"d-block d-md-none container-fluid\">\r\n            <div class=\"row\">\r\n                <div class=\"col-12 g-0\">\r\n                    <img decoding=\"async\" src=\"https:\/\/www.editdigitalpassport.com\/wp-content\/uploads\/2024\/12\/banner-page-m.svg\" class=\"img-fluid imgsize-img-full\" alt=\"Le Passeport Num\u00e9rique de Produit\" \/>                <\/div>\r\n            <\/div>\r\n        <\/div>\r\n    <\/section>\r\n\r\n<style>\r\n    .banner-wrap {\r\n        background: none;\r\n    }\r\n    @media (min-width: 768px) {\r\n        .banner-wrap {\r\n            background: url('https:\/\/www.editdigitalpassport.com\/wp-content\/uploads\/2024\/12\/banner-page-m.svg ');\r\n            background-size: contain;\r\n            background-position: 50% 50%;\r\n            background-repeat: no-repeat;\r\n            min-height: 484px;\r\n        }\r\n    }\r\n    @media (min-width: 992px) {\r\n        .banner-wrap {\r\n            background: url('https:\/\/www.editdigitalpassport.com\/wp-content\/uploads\/2024\/12\/banner-page.svg ');\r\n            background-size: contain;\r\n            background-position: 50% 50%;\r\n            background-repeat: no-repeat;\r\n            min-height: 484px;\r\n        }\r\n    }\r\n<\/style>\n\n\n<section id=\"section-block_afa69085eda5967228af47885aa8545b\" class=\"section d-block bg--color-transparent\"\n         style='  background-repeat: no-repeat; background-position: 50% 50%;'>\n    <div class=\"container-md \">\n        \n\n<p>El consorcio del Proyecto EDIT Interreg POCTEFA se compromete a hacer accesible su sitio web de conformidad con los requisitos de la ley francesa n.\u00ba 2005-102 de 11 de febrero de 2005. Trabajamos activamente para mejorar la accesibilidad de nuestro sitio web y ofrecer una experiencia equitativa a todos nuestros usuarios.<\/p>\n\n\n\n<p>Esta declaraci\u00f3n de accesibilidad se aplica al sitio <a href=\"https:\/\/www.editdigitalpassport.com\/\"><strong>EDIT.<\/strong><\/a> y se actualiz\u00f3 el 25 de marzo de 2025.<\/p>\n\n\n\n<h2 class=\"wp-block-heading\"><strong>Estado de cumplimiento<\/strong><\/h2>\n\n\n\n<p>El sitio <a href=\"https:\/\/www.editdigitalpassport.com\/\"><strong>EDIT.<\/strong><\/a> cumple parcialmente con los requisitos del Referencial General de Mejora de la Accesibilidad franc\u00e9s (RGAA) debido a ciertas no conformidades y excepciones que se detallan a continuaci\u00f3n.<\/p>\n\n\n\n<p><strong>Tecnolog\u00edas utilizadas para la realizaci\u00f3n del sitio<\/strong><\/p>\n\n\n\n<p>\u2022 HTML5<\/p>\n\n\n\n<p>\u2022 CSS<\/p>\n\n\n\n<p>\u2022 JavaScript<\/p>\n\n\n\n<h2 class=\"wp-block-heading\"><strong>Agentes de usuario, herramientas y tecnolog\u00edas de asistencia utilizadas para verificar la accesibilidad de los contenidos<\/strong><\/h2>\n\n\n\n<p>Las verificaciones se realizaron con las siguientes configuraciones:<\/p>\n\n\n\n<p>\u2022 Navegadores: Firefox, Safari, Chrome, Brave<\/p>\n\n\n\n<p>\u2022 Tecnolog\u00edas de asistencia: NVDA, VoiceOver<\/p>\n\n\n\n<p>Se utilizaron herramientas como WAVE y Colour Contrast Analyser para verificar el cumplimiento de los criterios de accesibilidad. P\u00e1ginas verificadas \u2022 P\u00e1gina de inicio \u2022 P\u00e1gina de contenidos \u2022 P\u00e1gina de contacto \u2022 P\u00e1gina de contenidos con v\u00eddeos (si<\/p>\n\n\n\n<p>Se utilizaron herramientas como <strong>WAVE<\/strong> y <strong>Colour Contrast Analyser<\/strong> para comprobar el cumplimiento de los criterios de accesibilidad.<\/p>\n\n\n\n<h2 class=\"wp-block-heading\"><strong>P\u00e1ginas de la web verificadas<\/strong><\/h2>\n\n\n\n<p>\u2022 P\u00e1gina de inicio<\/p>\n\n\n\n<p>\u2022 P\u00e1gina de contenidos<\/p>\n\n\n\n<p>\u2022 P\u00e1gina de contacto<\/p>\n\n\n\n<p>\u2022 P\u00e1gina de contenidos con v\u00eddeos (si procede)<\/p>\n\n\n\n<h2 class=\"wp-block-heading\"><strong>Contenidos no accesibles<\/strong><\/h2>\n\n\n\n<p><strong>Algunos contenidos no son accesibles actualmente por las siguientes razones:<\/strong><\/p>\n\n\n\n<p>\u2022 Falta de contraste en algunos elementos de texto.<\/p>\n\n\n\n<p>\u2022 Falta de texto alternativo para algunas im\u00e1genes y v\u00eddeos.<\/p>\n\n\n\n<p>\u2022 Problemas de navegaci\u00f3n con el teclado y de estructuraci\u00f3n de los formularios.<\/p>\n\n\n\n<p><strong>Contenidos no sujetos a la obligaci\u00f3n de accesibilidad<\/strong><\/p>\n\n\n\n<p>Los siguientes elementos est\u00e1n exentos:<\/p>\n\n\n\n<p>\u2022 El m\u00f3dulo de gesti\u00f3n de cookies, debido a la elecci\u00f3n de la soluci\u00f3n MATOMO.<\/p>\n\n\n\n<p>\u2022 Los v\u00eddeos externos integrados (por ejemplo, YouTube).<\/p>\n\n\n\n<h2 class=\"wp-block-heading\"><strong>Informaci\u00f3n y contacto<\/strong><\/h2>\n\n\n\n<p>Si no puede acceder a un contenido o servicio, le invitamos a ponerse en contacto con nosotros a trav\u00e9s del formulario de contacto en la siguiente direcci\u00f3n: bidasoa-activa@bidasoa-activa.com. Le proporcionaremos una alternativa accesible o le enviaremos el contenido en otro formato si es necesario.<\/p>\n\n\n\n<h2 class=\"wp-block-heading\"><strong>V\u00edas de recurso<\/strong><\/h2>\n\n\n\n<p>Si ha informado de un problema de accesibilidad sin haber obtenido una respuesta satisfactoria, puede ponerse en contacto con el Defensor del Pueblo franc\u00e9s a trav\u00e9s de las siguientes v\u00edas:<\/p>\n\n\n\n<p>\u2022 Escribir un mensaje al Defensor del Pueblo franc\u00e9s;<\/p>\n\n\n\n<p>\u2022 Ponerse en contacto con el delegado del Defensor del Pueblo en su regi\u00f3n francesa;<\/p>\n\n\n\n<p>\u2022 Enviar una carta gratuita desde Francia a la siguiente direcci\u00f3n: D\u00e9fenseur des droits, Libre r\u00e9ponse 71120, 75342 Par\u00eds CEDEX 07.<\/p>\n\n\n\n\n<div id=\"espacement-block_547cd9a626efab1c0e0c095382ef45b8\" class=\"espacement-3 espacement-auto espacement  \"><\/div>\n    <\/div>\n<\/section>","protected":false},"excerpt":{"rendered":"","protected":false},"author":1,"featured_media":0,"parent":0,"menu_order":8,"comment_status":"closed","ping_status":"closed","template":"pages\/page-fullwidth.php","meta":{"_acf_changed":false,"_seopress_robots_primary_cat":"","_seopress_titles_title":"","_seopress_titles_desc":"","_seopress_robots_index":"","footnotes":""},"class_list":["post-1244","page","type-page","status-publish","hentry"],"acf":[],"_links":{"self":[{"href":"https:\/\/www.editdigitalpassport.com\/es\/wp-json\/wp\/v2\/pages\/1244","targetHints":{"allow":["GET"]}}],"collection":[{"href":"https:\/\/www.editdigitalpassport.com\/es\/wp-json\/wp\/v2\/pages"}],"about":[{"href":"https:\/\/www.editdigitalpassport.com\/es\/wp-json\/wp\/v2\/types\/page"}],"author":[{"embeddable":true,"href":"https:\/\/www.editdigitalpassport.com\/es\/wp-json\/wp\/v2\/users\/1"}],"replies":[{"embeddable":true,"href":"https:\/\/www.editdigitalpassport.com\/es\/wp-json\/wp\/v2\/comments?post=1244"}],"version-history":[{"count":10,"href":"https:\/\/www.editdigitalpassport.com\/es\/wp-json\/wp\/v2\/pages\/1244\/revisions"}],"predecessor-version":[{"id":1703,"href":"https:\/\/www.editdigitalpassport.com\/es\/wp-json\/wp\/v2\/pages\/1244\/revisions\/1703"}],"wp:attachment":[{"href":"https:\/\/www.editdigitalpassport.com\/es\/wp-json\/wp\/v2\/media?parent=1244"}],"curies":[{"name":"wp","href":"https:\/\/api.w.org\/{rel}","templated":true}]}}