{"id":1249,"date":"2024-12-20T15:52:17","date_gmt":"2024-12-20T14:52:17","guid":{"rendered":"https:\/\/www.editdigitalpassport.com\/eco-conception\/"},"modified":"2025-04-15T16:51:06","modified_gmt":"2025-04-15T14:51:06","slug":"eco-conception","status":"publish","type":"page","link":"https:\/\/www.editdigitalpassport.com\/es\/eco-conception\/","title":{"rendered":"Declaraci\u00f3n ambiental"},"content":{"rendered":"\n<h1 class=\"wp-block-editdigitalpassport-texte-libre text-auto style-style1  visible\">Declaraci\u00f3n ambiental<\/h1>\n\n\n\n<p>Declaraci\u00f3n medioambiental del emplazamiento&nbsp;<a href=\"https:\" target=\"_blank\" rel=\"noreferrer noopener\"><\/a><a href=\"https:\/\/www.editdigitalpassport.com\/es\/\" target=\"_blank\" rel=\"noreferrer noopener\">https:\/\/www.editdigitalpassport.com<\/a><\/p>\n\n\n\n\n<div id=\"espacement-block_20ce54e8a8588698b17b25783bf7b375\" class=\"espacement-2 espacement-auto espacement  \"><\/div>\n\n\n<h2 class=\"wp-block-editdigitalpassport-texte-libre text-auto style-style2  visible\">El objetivo de este enfoque es<\/h2>\n\n\n\n<p class=\"wp-block-editdigitalpassport-texte-libre text-auto style-body  visible\">El objetivo de esta declaraci\u00f3n es informar sobre la huella medioambiental del sitio &#8211; https:\/\/www.editdigitalpassport.com- &#8211; y hacer transparente el enfoque de dise\u00f1o ecol\u00f3gico en el contexto del dise\u00f1o digital responsable.<\/p>\n\n\n\n\n<div id=\"espacement-block_20ce54e8a8588698b17b25783bf7b375\" class=\"espacement-2 espacement-auto espacement  \"><\/div>\n\n\n<h2 class=\"wp-block-editdigitalpassport-texte-libre text-auto style-style2  visible\">Resultados de las evaluaciones medioambientales<\/h2>\n\n\n\n<h3 class=\"wp-block-editdigitalpassport-texte-libre text-auto style-style3  visible\">1. EcoIndex<\/h3>\n\n\n\n<p>Puntuaci\u00f3n global : 88,81 \/ 100 \u2192 Clase A<\/p>\n\n\n\n<figure class=\"wp-block-image size-full is-resized\"><img alt=\"\" loading=\"lazy\" decoding=\"async\" width=\"520\" height=\"150\" src=\"https:\/\/www.editdigitalpassport.com\/wp-content\/uploads\/2025\/04\/ecoindex.png\" alt=\"\" class=\"wp-image-1718\" style=\"width:513px;height:auto\" srcset=\"https:\/\/www.editdigitalpassport.com\/wp-content\/uploads\/2025\/04\/ecoindex.png 520w, https:\/\/www.editdigitalpassport.com\/wp-content\/uploads\/2025\/04\/ecoindex-300x87.png 300w\" sizes=\"auto, (max-width: 520px) 100vw, 520px\" \/><\/figure>\n\n\n\n<ul class=\"wp-block-list\">\n<li>Emisiones de GEI :&nbsp;<strong>1,22 gCO\u2082e<\/strong><\/li>\n\n\n\n<li>Consumo de agua :&nbsp;<strong>1,84 cl<\/strong><\/li>\n\n\n\n<li>Tama\u00f1o DOM :&nbsp;<strong>264<\/strong><\/li>\n<\/ul>\n\n\n\n<p>El sitio entra en la categor\u00eda de los m\u00e1s sobrios de Francia, con un c\u00f3digo limpio y pocas consultas.<\/p>\n\n\n\n\n<div id=\"espacement-block_20ce54e8a8588698b17b25783bf7b375\" class=\"espacement-2 espacement-auto espacement  \"><\/div>\n\n\n<h3 class=\"wp-block-editdigitalpassport-texte-libre text-auto style-style3  visible\">2. <a href=\"http:\/\/kastor.green\/\" target=\"_blank\" rel=\"noreferrer noopener\">Kastor.green<\/a><\/h3>\n\n\n\n<ul class=\"wp-block-list\">\n<li>Puntuaci\u00f3n global :&nbsp;<strong>85 \/ 100<\/strong><\/li>\n\n\n\n<li>Ecodise\u00f1o:&nbsp;<strong>86 \/ 100<\/strong><\/li>\n\n\n\n<li>Accesibilidad:&nbsp;<strong>83 \/ 100<\/strong><\/li>\n\n\n\n<li>Emisiones de carbono por p\u00e1gina vista :&nbsp;<strong>0,085 gCO\u2082e<\/strong><\/li>\n\n\n\n<li>Equivalente: 1000 visitas \u2248 0,83 km en coche con motor de combusti\u00f3n<\/li>\n\n\n\n<li>Alojamiento: <strong>no identificado en verde<\/strong> (posible mejora)<\/li>\n<\/ul>\n\n\n\n<p>El centro est\u00e1 muy por encima de la media de los centros auditados en Francia (puntuaci\u00f3n media: 75).<\/p>\n\n\n\n\n<div id=\"espacement-block_20ce54e8a8588698b17b25783bf7b375\" class=\"espacement-2 espacement-auto espacement  \"><\/div>\n\n\n<h3 class=\"wp-block-editdigitalpassport-texte-libre text-auto style-style3  visible\">3. Calculadora de carbono del sitio web<\/h3>\n\n\n\n<ul class=\"wp-block-list\">\n<li>Nota :&nbsp;<strong>A<\/strong><\/li>\n\n\n\n<li>Limpia m\u00e1s del 90% de las p\u00e1ginas web del mundo<\/li>\n\n\n\n<li>Prueba realizada el 1 de abril de 2025<\/li>\n<\/ul>\n\n\n\n<p>El sitio obtiene muy buenos resultados a escala global en cuanto a criterios de carbono.<\/p>\n\n\n\n\n<div id=\"espacement-block_20ce54e8a8588698b17b25783bf7b375\" class=\"espacement-2 espacement-auto espacement  \"><\/div>\n\n\n<h2 class=\"wp-block-editdigitalpassport-texte-libre text-auto style-style2  visible\">Recomendaciones en curso<\/h2>\n\n\n\n<ul class=\"wp-block-list\">\n<li>Cambie a un alojamiento ecol\u00f3gico certificado (por ejemplo, Infomaniak, Ikoula, Scaleway Green)<\/li>\n\n\n\n<li>Seguir optimizando las im\u00e1genes y los scripts de terceros<\/li>\n\n\n\n<li>Aspire a una puntuaci\u00f3n de accesibilidad superior al 90<\/li>\n<\/ul>\n\n\n\n\n<div id=\"espacement-block_20ce54e8a8588698b17b25783bf7b375\" class=\"espacement-2 espacement-auto espacement  \"><\/div>\n\n\n<h2 class=\"wp-block-editdigitalpassport-texte-libre text-auto style-style2  visible\">Configuraci\u00f3n m\u00ednima recomendada<\/h2>\n\n\n\n<ul class=\"wp-block-list\">\n<li>Equipo del usuario: smartphone u ordenador desde al menos 2017<\/li>\n\n\n\n<li>Conexi\u00f3n: m\u00f3vil 3G \/ ADSL 512 kbps para una experiencia fluida<\/li>\n\n\n\n<li>Responsive: compatible a partir de 320 px de ancho<\/li>\n<\/ul>\n\n\n\n\n<div id=\"espacement-block_20ce54e8a8588698b17b25783bf7b375\" class=\"espacement-2 espacement-auto espacement  \"><\/div>\n\n\n<h2 class=\"wp-block-editdigitalpassport-texte-libre text-auto style-style2  visible\">Agradecimientos y compromisos<\/h2>\n\n\n\n<p>Este sitio se ha dise\u00f1ado para ser sencillo, eficaz y accesible. Seguir\u00e1 evolucionando, incorporando principios de dise\u00f1o ecol\u00f3gico como parte de un enfoque de mejora continua y un compromiso de responsabilidad digital.<\/p>\n\n\n\n\n<div id=\"espacement-block_20ce54e8a8588698b17b25783bf7b375\" class=\"espacement-2 espacement-auto espacement  \"><\/div>\n\n\n<figure class=\"wp-block-image size-large\"><img alt=\"\" loading=\"lazy\" decoding=\"async\" width=\"1024\" height=\"654\" src=\"https:\/\/www.editdigitalpassport.com\/wp-content\/uploads\/2025\/04\/carbon-1024x654.png\" alt=\"\" class=\"wp-image-1721\" srcset=\"https:\/\/www.editdigitalpassport.com\/wp-content\/uploads\/2025\/04\/carbon-1024x654.png 1024w, https:\/\/www.editdigitalpassport.com\/wp-content\/uploads\/2025\/04\/carbon-300x192.png 300w, https:\/\/www.editdigitalpassport.com\/wp-content\/uploads\/2025\/04\/carbon-768x491.png 768w, https:\/\/www.editdigitalpassport.com\/wp-content\/uploads\/2025\/04\/carbon.png 1277w\" sizes=\"auto, (max-width: 1024px) 100vw, 1024px\" \/><\/figure>\n\n\n\n\n<div id=\"espacement-block_20ce54e8a8588698b17b25783bf7b375\" class=\"espacement-2 espacement-auto espacement  \"><\/div>","protected":false},"excerpt":{"rendered":"<p>Declaraci\u00f3n medioambiental del emplazamiento&nbsp;https:\/\/www.editdigitalpassport.com Puntuaci\u00f3n global : 88,81 \/ 100 \u2192 Clase A El sitio entra en la categor\u00eda de los m\u00e1s sobrios de Francia, con un c\u00f3digo limpio y pocas consultas. El centro est\u00e1 muy por encima de la media de los centros auditados en Francia (puntuaci\u00f3n media: 75). El sitio obtiene muy buenos [&hellip;]<\/p>\n","protected":false},"author":1,"featured_media":0,"parent":0,"menu_order":9,"comment_status":"closed","ping_status":"closed","template":"pages\/page-container-md.php","meta":{"_acf_changed":false,"_seopress_robots_primary_cat":"","_seopress_titles_title":"","_seopress_titles_desc":"","_seopress_robots_index":"","footnotes":""},"class_list":["post-1249","page","type-page","status-publish","hentry"],"acf":[],"_links":{"self":[{"href":"https:\/\/www.editdigitalpassport.com\/es\/wp-json\/wp\/v2\/pages\/1249","targetHints":{"allow":["GET"]}}],"collection":[{"href":"https:\/\/www.editdigitalpassport.com\/es\/wp-json\/wp\/v2\/pages"}],"about":[{"href":"https:\/\/www.editdigitalpassport.com\/es\/wp-json\/wp\/v2\/types\/page"}],"author":[{"embeddable":true,"href":"https:\/\/www.editdigitalpassport.com\/es\/wp-json\/wp\/v2\/users\/1"}],"replies":[{"embeddable":true,"href":"https:\/\/www.editdigitalpassport.com\/es\/wp-json\/wp\/v2\/comments?post=1249"}],"version-history":[{"count":6,"href":"https:\/\/www.editdigitalpassport.com\/es\/wp-json\/wp\/v2\/pages\/1249\/revisions"}],"predecessor-version":[{"id":1762,"href":"https:\/\/www.editdigitalpassport.com\/es\/wp-json\/wp\/v2\/pages\/1249\/revisions\/1762"}],"wp:attachment":[{"href":"https:\/\/www.editdigitalpassport.com\/es\/wp-json\/wp\/v2\/media?parent=1249"}],"curies":[{"name":"wp","href":"https:\/\/api.w.org\/{rel}","templated":true}]}}